{"id":16588,"date":"2020-11-24T09:00:03","date_gmt":"2020-11-24T08:00:03","guid":{"rendered":"https:\/\/www.cmt.ba.it\/privacy-policy\/"},"modified":"2023-12-07T14:59:44","modified_gmt":"2023-12-07T13:59:44","slug":"privacy-policy","status":"publish","type":"page","link":"https:\/\/www.cmt.ba.it\/en\/privacy-policy\/","title":{"rendered":"Privacy Policy"},"content":{"rendered":"<div class=\"wpb-content-wrapper\"><p>[vc_row css_animation=&#8221;&#8221; row_type=&#8221;row&#8221; use_row_as_full_screen_section=&#8221;no&#8221; type=&#8221;grid&#8221; angled_section=&#8221;no&#8221; text_align=&#8221;left&#8221; background_image_as_pattern=&#8221;without_pattern&#8221; padding_top=&#8221;60&#8243; z_index=&#8221;&#8221;][vc_column][vc_row_inner row_type=&#8221;row&#8221; type=&#8221;full_width&#8221; text_align=&#8221;left&#8221; css_animation=&#8221;&#8221; padding_bottom=&#8221;60&#8243;][vc_column_inner][vc_column_text]<\/p>\n<p>Ai sensi degli artt. 13 del Regolamento (UE) 2016\/679 (\u201cil Regolamento\u201d oppure \u201cGDPR\u201d), desideriamo informare gli utenti in merito alle modalit\u00e0 e alle finalit\u00e0 del trattamento dei dati personali di coloro che interagiscono con il nostro sito web: <a href=\"http:\/\/www.cmt.ba.it\">www.cmt.ba.it<\/a><\/p>\n<p>L\u2019informativa non \u00e8 da considerarsi valida per altri siti web eventualmente consultabili tramite <em>links <\/em>presenti sui siti internet a dominio del titolare, che non \u00e8 da considerarsi in alcun modo responsabile dei siti internet dei terzi<\/p>\n<p><strong>Titolare del trattamento<\/strong><\/p>\n<p>Il Titolare del trattamento dei dati personali raccolti attraverso questo sito \u00e8 Azienda CMT con sede legale in S.S 96 KM 199.7- cap 70026- Modugno (BA) &#8211; P.I.: 02711580726 &#8211; Tel. 080 505 7137 Casella di posta elettronica:\u00a0 <a href=\"mailto:info@cmt.ba.it\">info@cmt.ba.it<\/a><\/p>\n<p><strong>Finalit\u00e0 dei trattamenti, base giuridica, natura del conferimento\u00a0 <\/strong><\/p>\n<p>Per le finalit\u00e0 espresse nella presente informativa saranno trattati solo dati personali non particolari. I dati saranno trattati nel rispetto delle condizioni di liceit\u00e0 ex art. 6 del Regolamento, per:<\/p>\n<ul>\n<li><strong>permettere la navigazione sul presente sito internet e la gestione tecnica delle connessioni allo stesso<br \/><\/strong>I sistemi informatici preposti al funzionamento dei siti web acquisiscono, nel corso del loro normale esercizio e per la sola durata della connessione, alcuni dati personali la cui trasmissione \u00e8 implicita nell\u2019uso dei protocolli di comunicazione di internet. Si tratta di informazioni che non sono raccolte per essere associate a Interessati identificati, ma che per loro stessa natura potrebbero, attraverso elaborazioni ed associazioni con dati detenuti da terzi, permettere di identificare gli utenti. In questa categoria di dati rientrano ad esempio: gli indirizzi IP o i nomi dei computer utilizzati dagli utenti che si connettono ai siti web, gli indirizzi in notazione URI (Uniform Resource Identifier) delle risorse richieste, le caratteristiche del browser utilizzato per la navigazione, la risoluzione dello schermo nel quale viene eseguito il browser nel dispositivo utilizzato, ed altri parametri relativi al sistema operativo e all\u2019ambiente informatico dell\u2019utente. Questi dati sono utilizzati al solo fine di ricavare informazioni statistiche anonime sull\u2019uso dei siti e per controllarne il corretto funzionamento, e vengono cancellati immediatamente dopo l\u2019elaborazione. I dati potrebbero essere utilizzati per l\u2019accertamento di responsabilit\u00e0 in caso di ipotetici reati informatici ai danni dei siti.<br \/>Base giuridica del trattamento: il legittimo interesse del Titolare (art. 6 paragrafo 1 lett. f del GDPR).<br \/>I dati richiesti per le finalit\u00e0 indicate sono necessari per poter permettere la navigazione sul sito.<\/li>\n<\/ul>\n<ul>\n<li><strong>dar seguito alle richieste di informazioni o di contatto e ad altri tipi di richieste, effettuati da clienti\/utenti in merito ai servizi proposti dal Titolare.<br \/><\/strong>L\u2019invio volontario di posta elettronica agli indirizzi e-mail indicati sui siti web sopra menzionati o la compilazione dello specifico form di contatti pubblicato, comporta la successiva acquisizione dell\u2019indirizzo e-mail del mittente e di Nome e Cognome, necessari per dar seguito alle richieste, nonch\u00e9 degli eventuali altri dati personali inseriti nella missiva. Questo vale anche nell\u2019ambito della gestione dei reclami inoltrati dagli utenti e del riscontro agli stessi.<br \/>Base giuridica del trattamento: esecuzione di un contratto di cui l\u2019interessato \u00e8 parte o all\u2019esecuzione di misure precontrattuali adottate su richiesta dello stesso (art. 6 paragrafo 1 lett. b del GDPR) e legittimo interesse del Titolare (art. 6 paragrafo 1 lett. f del GDPR).<br \/>I dati richiesti per le finalit\u00e0 indicate sono necessari per poter dare seguito alle richieste del soggetto interessato. L\u2019eventuale mancato conferimento dei dati ha come unico effetto l\u2019impossibilit\u00e0 di inviare e\/o ricevere e\/o dare riscontro alle richieste dell\u2019interessato.<\/li>\n<\/ul>\n<p><strong>Modalit\u00e0 del trattamento dei dati<\/strong><\/p>\n<p>Il trattamento sar\u00e0 effettuato con strumenti manuali, informatici ed telematici nel rispetto delle norme in vigore e dei principi di correttezza, liceit\u00e0, trasparenza, pertinenza, completezza e non eccedenza, esattezza e con logiche di organizzazione ed elaborazione strettamente correlate alle finalit\u00e0 perseguite e comunque in modo da garantire la sicurezza, l&#8217;integrit\u00e0 e la riservatezza dei dati trattati, nel rispetto delle misure organizzative, fisiche e logiche previste dalle disposizioni vigenti.<\/p>\n<p><strong>Periodo di conservazione dei dati <\/strong><\/p>\n<p>Nel rispetto di quanto previsto dall\u2019art. 5 comma 1 lett. e) del Reg. UE 2016\/679 i dati personali raccolti verranno conservati in una forma che consenta l\u2019identificazione degli interessati per un arco di tempo non superiore al conseguimento delle finalit\u00e0 per le quali i dati personali sono trattati. La conservazione dei dati di natura personale forniti dipende dalla finalit\u00e0 del trattamento:<\/p>\n<ul>\n<li>per richiesta di contatto e informazioni, massimo 1 anno<\/li>\n<li>Decorsi tali termini, i dati saranno cancellati o trasformati in forma anonima, salvo che la loro ulteriore conservazione sia necessaria per assolvere ad obblighi contrattuali sopraggiunti, obblighi di legge o per adempiere ad ordini impartiti da Pubbliche Autorit\u00e0 e\/o Organismi di Vigilanza.<\/li>\n<\/ul>\n<p><strong>Natura del conferimento dei dati<\/strong><\/p>\n<p>L&#8217;utente \u00e8 libero di fornire i propri dati personali. Il mancato conferimento dei dati pu\u00f2 comportare l&#8217;impossibilit\u00e0 di ottenere quanto richiesto o di usufruire dei servizi web del Titolare del trattamento.<\/p>\n<p><strong>Destinatari dei dati o categorie di destinatari <\/strong><\/p>\n<p>Per il perseguimento delle finalit\u00e0 descritte, o nel caso in cui ci\u00f2 sia indispensabile o richiesto da disposizioni di legge o da autorit\u00e0 provviste del potere di imporla, il Titolare si riserva la facolt\u00e0 di comunicare i dati ai destinatari appartenenti alle seguenti categorie:<\/p>\n<ul>\n<li>soggetti che svolgono servizi di manutenzione informatica o analoghi;<\/li>\n<li>soggetti che forniscono servizi per la gestione del sistema informativo usato dal Titolare e delle reti di telecomunicazioni, ivi compresa la posta elettronica e gestione siti internet;<\/li>\n<li>Autorit\u00e0 e Organismi di vigilanza e controllo e, in generale, soggetti, pubblici o privati, con funzioni di rilievo pubblicistico (es.: Prefettura Questura, Autorit\u00e0 Giudiziaria, in ogni caso solo nei limiti in cui ricorrano i presupposti stabiliti dalla normativa applicabile);<\/li>\n<li>altre societ\u00e0 del gruppo di cui \u00e8 parte il Titolare, o comunque societ\u00e0 controllanti, controllate o collegate, ai sensi dell\u2019art. 2359 c.c.;<\/li>\n<li>studi professionali o societ\u00e0 nell\u2019ambito di rapporti di assistenza e consulenza;<\/li>\n<li>i dati potranno inoltre essere conosciuti, in relazione allo svolgimento delle mansioni assegnate, dal personale del Titolare, ivi compresi gli stagisti, i lavoratori interinali, i consulenti, i dipendenti di societ\u00e0 esterne al Titolare, tutti appositamente autorizzati al trattamento.<\/li>\n<\/ul>\n<p><strong>Trasferimento dei dati all\u2019estero<\/strong><\/p>\n<p>I dati dell\u2019utente non saranno trasferiti in paesi extra UE.<\/p>\n<p><strong>Diffusione dei dati<\/strong><\/p>\n<p>I dati dell\u2019utente non saranno diffusi.<\/p>\n<p><strong>Diritti dell\u2019interessato<\/strong><\/p>\n<p>Gli artt. 15, 16, 17, 18, 20, 21 del GDPR conferiscono all\u2019interessato l\u2019esercizio di specifici diritti che potranno essere esercitati nei confronti del Titolare del trattamento.<\/p>\n<p>In particolare, in qualit\u00e0 di interessato, Lei potr\u00e0, alle condizioni previste dal GDPR, esercitare i seguenti diritti:<\/p>\n<ul>\n<li><em>diritto di accesso<\/em>: diritto di ottenere conferma che sia o meno in corso un trattamento di dati personali che La riguardano e, in tal caso, ottenere l&#8217;accesso ai Suoi dati personali, compresa una copia degli stessi;<\/li>\n<li><em>diritto di rettifica<\/em>: diritto di ottenere la rettifica dei dati personali inesatti che La riguardano e\/o l\u2019integrazione dei dati personali incompleti;<\/li>\n<li><em>diritto alla cancellazione (diritto all\u2019oblio)<\/em>: diritto di ottenere la cancellazione dei dati personali che La riguardano, qualora non siano pi\u00f9 necessari alle finalit\u00e0 perseguite dal Titolare, in caso di revoca del consenso (e non sussistendo alcun altro fondamento giuridico per il trattamento) o Sua opposizione al trattamento, in caso di trattamento illecito, ovvero qualora vi sia un obbligo legale di cancellazione.<br \/>Il diritto alla cancellazione non si applica nella misura in cui il trattamento sia necessario per l\u2019adempimento di un obbligo legale o per l\u2019esecuzione di un compito svolto nel pubblico interesse o per l\u2019accertamento, l\u2019esercizio o la difesa di un diritto in sede giudiziaria;<\/li>\n<\/ul>\n<ul>\n<li><em>diritto di limitazione di trattamento<\/em>: diritto di ottenere la limitazione del trattamento, quando: a) l\u2019interessato contesta l\u2019esattezza dei dati personali; b) il trattamento \u00e8 illecito e l\u2019interessato si oppone alla cancellazione dei dati personali e chiede invece che ne sia limitato l\u2019utilizzo; c) i dati personali sono necessari all\u2019interessato per l\u2019accertamento, l\u2019esercizio o la difesa di un diritto in sede giudiziaria;<\/li>\n<li><em>diritto alla portabilit\u00e0 dei dati<\/em>: diritto di ricevere, in un formato strutturato, di uso comune e leggibile da un dispositivo automatico, i dati personali che La riguardano forniti al Titolare e il diritto di trasmetterli a un altro titolare senza impedimenti, qualora il trattamento si basi sul consenso e sia effettuato con mezzi automatizzati;<\/li>\n<li><em>diritto di opposizione<\/em>: diritto di opporsi, in qualsiasi momento, al trattamento qualora i dati personali siano trattati per finalit\u00e0 diverse da quelle per cui ha acconsentito al trattamento.<\/li>\n<\/ul>\n<p>Ai sensi dell\u2019art. 77 del Regolamento, Le \u00e8 riconosciuto il diritto di proporre reclamo ad un\u2019autorit\u00e0 di controllo, segnatamente nello Stato membro in cui risiede abitualmente, lavora oppure nel luogo ove si \u00e8 verificata la presunta violazione, che in Italia corrisponde all\u2019Autorit\u00e0 Garante per la Protezione dei dati personali, i cui riferimenti sono rinvenibili su <a href=\"http:\/\/www.garanteprivacy.it\" target=\"_blank\" rel=\"noopener\">www.garanteprivacy.it<\/a>.<\/p>\n<p>Inoltre, il GDPR Le attribuisce il diritto di revocare il consenso prestato in qualsiasi momento e con la stessa facilit\u00e0 con cui \u00e8 stato accordato.<\/p>\n<p>L\u2019esercizio dei Suoi diritti in qualit\u00e0 di interessato \u00e8 gratuito ai sensi dell\u2019articolo 12 GDPR. Tuttavia, nel caso di richieste manifestamente infondate o eccessive, anche per la loro ripetitivit\u00e0, il Titolare potrebbe addebitarle un contributo spese ragionevole, alla luce dei costi amministrativi sostenuti per gestire la Sua richiesta, o negare la soddisfazione della sua richiesta.<\/p>\n<p>Potr\u00e0 esercitare i suoi diritti contattando il Titolare all\u2019indirizzo summenzionato, oppure tramite posta elettronica o fax ai recapiti presenti in questa informativa.<\/p>\n<p>La presente Informativa \u00e8 stata aggiornata il 07\/03\/2023 Eventuali aggiornamenti saranno sempre pubblicati in questa pagina.<\/p>\n<p>[\/vc_column_text][\/vc_column_inner][\/vc_row_inner][\/vc_column][\/vc_row][vc_row css_animation=&#8221;&#8221; row_type=&#8221;row&#8221; use_row_as_full_screen_section=&#8221;no&#8221; type=&#8221;full_width&#8221; angled_section=&#8221;no&#8221; text_align=&#8221;left&#8221; background_image_as_pattern=&#8221;without_pattern&#8221; z_index=&#8221;&#8221; padding_bottom=&#8221;60&#8243;][vc_column width=&#8221;1\/3&#8243;][\/vc_column][vc_column width=&#8221;1\/3&#8243;][\/vc_column][vc_column width=&#8221;1\/3&#8243;][vc_column_text]<\/p>\n<p style=\"text-align: center;\">Il Titolare del trattamento<br \/>Azienda CMT<\/p>\n<p>[\/vc_column_text][\/vc_column][\/vc_row]<\/p>\n<\/div>","protected":false},"excerpt":{"rendered":"<p>[vc_row css_animation=&#8221;&#8221; row_type=&#8221;row&#8221; use_row_as_full_screen_section=&#8221;no&#8221; type=&#8221;grid&#8221; angled_section=&#8221;no&#8221; text_align=&#8221;left&#8221; background_image_as_pattern=&#8221;without_pattern&#8221; padding_top=&#8221;60&#8243; z_index=&#8221;&#8221;][vc_column][vc_row_inner row_type=&#8221;row&#8221; type=&#8221;full_width&#8221; text_align=&#8221;left&#8221; css_animation=&#8221;&#8221; padding_bottom=&#8221;60&#8243;][vc_column_inner][vc_column_text] Ai sensi degli artt. 13 del Regolamento (UE) 2016\/679 (\u201cil Regolamento\u201d oppure \u201cGDPR\u201d), desideriamo informare gli utenti in merito alle modalit\u00e0 e alle finalit\u00e0 del trattamento dei dati personali di&#8230;<\/p>\n","protected":false},"author":1,"featured_media":0,"parent":0,"menu_order":0,"comment_status":"closed","ping_status":"closed","template":"","meta":{"footnotes":""},"class_list":["post-16588","page","type-page","status-publish","hentry"],"_links":{"self":[{"href":"https:\/\/www.cmt.ba.it\/en\/wp-json\/wp\/v2\/pages\/16588","targetHints":{"allow":["GET"]}}],"collection":[{"href":"https:\/\/www.cmt.ba.it\/en\/wp-json\/wp\/v2\/pages"}],"about":[{"href":"https:\/\/www.cmt.ba.it\/en\/wp-json\/wp\/v2\/types\/page"}],"author":[{"embeddable":true,"href":"https:\/\/www.cmt.ba.it\/en\/wp-json\/wp\/v2\/users\/1"}],"replies":[{"embeddable":true,"href":"https:\/\/www.cmt.ba.it\/en\/wp-json\/wp\/v2\/comments?post=16588"}],"version-history":[{"count":0,"href":"https:\/\/www.cmt.ba.it\/en\/wp-json\/wp\/v2\/pages\/16588\/revisions"}],"wp:attachment":[{"href":"https:\/\/www.cmt.ba.it\/en\/wp-json\/wp\/v2\/media?parent=16588"}],"curies":[{"name":"wp","href":"https:\/\/api.w.org\/{rel}","templated":true}]}}